{"id":2007,"date":"2020-11-18T16:46:35","date_gmt":"2020-11-18T15:46:35","guid":{"rendered":"http:\/\/www.scrittoriegiovani.it\/public\/?page_id=2007"},"modified":"2020-11-18T17:08:10","modified_gmt":"2020-11-18T16:08:10","slug":"levi-henriksen-vita-contaminata-con-la-musica","status":"publish","type":"page","link":"https:\/\/www.scrittoriegiovani.it\/public\/levi-henriksen-vita-contaminata-con-la-musica\/","title":{"rendered":"LEVI HENRIKSEN. Vita contaminata con la musica"},"content":{"rendered":"\n<figure class=\"wp-block-image size-large\"><img data-attachment-id=\"2009\" data-permalink=\"https:\/\/www.scrittoriegiovani.it\/public\/levi-henriksen-vita-contaminata-con-la-musica\/grazie-2\/\" data-orig-file=\"https:\/\/i1.wp.com\/www.scrittoriegiovani.it\/public\/wp-content\/uploads\/2020\/11\/Grazie-2.png?fit=1920%2C1080&amp;ssl=1\" data-orig-size=\"1920,1080\" data-comments-opened=\"1\" data-image-meta=\"{&quot;aperture&quot;:&quot;0&quot;,&quot;credit&quot;:&quot;&quot;,&quot;camera&quot;:&quot;&quot;,&quot;caption&quot;:&quot;&quot;,&quot;created_timestamp&quot;:&quot;0&quot;,&quot;copyright&quot;:&quot;&quot;,&quot;focal_length&quot;:&quot;0&quot;,&quot;iso&quot;:&quot;0&quot;,&quot;shutter_speed&quot;:&quot;0&quot;,&quot;title&quot;:&quot;&quot;,&quot;orientation&quot;:&quot;0&quot;}\" data-image-title=\"\" data-image-description=\"\" data-medium-file=\"https:\/\/i1.wp.com\/www.scrittoriegiovani.it\/public\/wp-content\/uploads\/2020\/11\/Grazie-2.png?fit=720%2C405&amp;ssl=1\" data-large-file=\"https:\/\/i1.wp.com\/www.scrittoriegiovani.it\/public\/wp-content\/uploads\/2020\/11\/Grazie-2.png?fit=705%2C397&amp;ssl=1\" loading=\"lazy\" width=\"705\" height=\"397\" src=\"https:\/\/i0.wp.com\/www.scrittoriegiovani.it\/public\/wp-content\/uploads\/2020\/11\/Grazie-2-1080x608.png?resize=705%2C397\" alt=\"\" class=\"wp-image-2009\" srcset=\"https:\/\/i1.wp.com\/www.scrittoriegiovani.it\/public\/wp-content\/uploads\/2020\/11\/Grazie-2.png?resize=1080%2C608&amp;ssl=1 1080w, https:\/\/i1.wp.com\/www.scrittoriegiovani.it\/public\/wp-content\/uploads\/2020\/11\/Grazie-2.png?resize=720%2C405&amp;ssl=1 720w, https:\/\/i1.wp.com\/www.scrittoriegiovani.it\/public\/wp-content\/uploads\/2020\/11\/Grazie-2.png?resize=768%2C432&amp;ssl=1 768w, https:\/\/i1.wp.com\/www.scrittoriegiovani.it\/public\/wp-content\/uploads\/2020\/11\/Grazie-2.png?resize=1536%2C864&amp;ssl=1 1536w, https:\/\/i1.wp.com\/www.scrittoriegiovani.it\/public\/wp-content\/uploads\/2020\/11\/Grazie-2.png?w=1920&amp;ssl=1 1920w, https:\/\/i1.wp.com\/www.scrittoriegiovani.it\/public\/wp-content\/uploads\/2020\/11\/Grazie-2.png?w=1410&amp;ssl=1 1410w\" sizes=\"(max-width: 705px) 100vw, 705px\" data-recalc-dims=\"1\" \/><\/figure>\n\n\n\n<p><strong>LUNED\u00cc 23 NOVEMBRE<\/strong>                                                                                           ore 10, Liceo Classico e Linguistico Statale Carlo Alberto, Novara<br>Incontro in streaming di <strong><a href=\"https:\/\/iperborea.com\/autore\/3333\/\">Levi Henriksen<\/a><\/strong> dalla Norvegia con i giovani a partire da <em>Norwegian Blues <\/em>e <em>Il lungo inverno di Dan Kaspersen <\/em>(Iperborea)<\/p>\n\n\n\n<p class=\"has-text-align-justify\"><strong>Levi Henriksen<\/strong>, nato nella cittadina norvegese di Kongsvinger, \u00e8 scrittore, giornalista, paroliere e musicista rock molto popolare in Norvegia. Dall\u2019esordio letterario nel 2002 ha pubblicato romanzi e racconti tradotti in diversi Paesi con successo di pubblico e critica. Il suo primo romanzo pubblicato con Iperborea, <em>Norwegian Blues<\/em>, \u00e8 un libro che commuove, diverte e fa riflettere sulla magia della musica e sulla sorprendente imprevedibilit\u00e0 della vita: infatti non \u00e8 mai troppo tardi per voltare le spalle al successo e riscoprirsi a due passi dalla felicit\u00e0. Nel 2020 \u00e8 uscito <em>Il lungo inverno di Dan Kaspersen<\/em>, una storia ricca di humour, di amore e ancora di musica che si addentra nei misteri di una piccola comunit\u00e0 nella campagna norvegese. Con una trama che intreccia l\u2019indagine poliziesca alla ricerca interiore, Henriksen d\u00e0 voce a incandescenze esistenziali sullo sfondo di potenti paesaggi innevati, accosta al tormentato scavo psicologico l\u2019umoristica leggerezza, mescolando i versi di canzoni pop con i ricordi del piccolo Dan, trovando un felice equilibrio tra crudezza e soavit\u00e0 per raccontare la fragilit\u00e0 e insieme la forza dell\u2019umano.<\/p>\n\n\n\n<p><\/p>\n\n\n\n<blockquote class=\"wp-block-quote is-style-default\"><p>\u00abUn foglio su cui mettere il suo nome, e che potesse lanciare la sua vita<br><em>in una direzione nuova\u00bb<\/em><\/p><\/blockquote>\n\n\n\n<p><\/p>\n\n\n\n<p><strong>Contatti<\/strong>&nbsp;:&nbsp;<a href=\"mailto:festival@letteratura.it\">festival@letteratura.it<\/a>&nbsp;\u2013 0321 1992282<\/p>\n\n\n\n<ul class=\"wp-block-social-links\"><li class=\"wp-social-link wp-social-link-facebook\"><a href=\"https:\/\/www.facebook.com\/festivalScrittoriegiovani\" aria-label=\"Facebook\"> <svg width=\"24\" height=\"24\" viewBox=\"0 0 24 24\" version=\"1.1\" xmlns=\"http:\/\/www.w3.org\/2000\/svg\" role=\"img\" aria-hidden=\"true\" focusable=\"false\"><path d=\"M12 2C6.5 2 2 6.5 2 12c0 5 3.7 9.1 8.4 9.9v-7H7.9V12h2.5V9.8c0-2.5 1.5-3.9 3.8-3.9 1.1 0 2.2.2 2.2.2v2.5h-1.3c-1.2 0-1.6.8-1.6 1.6V12h2.8l-.4 2.9h-2.3v7C18.3 21.1 22 17 22 12c0-5.5-4.5-10-10-10z\"><\/path><\/svg><\/a><\/li>\n\n\n\n\n\n\n\n\n\n<li class=\"wp-social-link wp-social-link-instagram\"><a href=\"https:\/\/www.instagram.com\/novara.letteratura\/?hl=it\" aria-label=\"Instagram\"> <svg width=\"24\" height=\"24\" viewBox=\"0 0 24 24\" version=\"1.1\" xmlns=\"http:\/\/www.w3.org\/2000\/svg\" role=\"img\" aria-hidden=\"true\" focusable=\"false\"><path d=\"M12,4.622c2.403,0,2.688,0.009,3.637,0.052c0.877,0.04,1.354,0.187,1.671,0.31c0.42,0.163,0.72,0.358,1.035,0.673 c0.315,0.315,0.51,0.615,0.673,1.035c0.123,0.317,0.27,0.794,0.31,1.671c0.043,0.949,0.052,1.234,0.052,3.637 s-0.009,2.688-0.052,3.637c-0.04,0.877-0.187,1.354-0.31,1.671c-0.163,0.42-0.358,0.72-0.673,1.035 c-0.315,0.315-0.615,0.51-1.035,0.673c-0.317,0.123-0.794,0.27-1.671,0.31c-0.949,0.043-1.233,0.052-3.637,0.052 s-2.688-0.009-3.637-0.052c-0.877-0.04-1.354-0.187-1.671-0.31c-0.42-0.163-0.72-0.358-1.035-0.673 c-0.315-0.315-0.51-0.615-0.673-1.035c-0.123-0.317-0.27-0.794-0.31-1.671C4.631,14.688,4.622,14.403,4.622,12 s0.009-2.688,0.052-3.637c0.04-0.877,0.187-1.354,0.31-1.671c0.163-0.42,0.358-0.72,0.673-1.035 c0.315-0.315,0.615-0.51,1.035-0.673c0.317-0.123,0.794-0.27,1.671-0.31C9.312,4.631,9.597,4.622,12,4.622 M12,3 C9.556,3,9.249,3.01,8.289,3.054C7.331,3.098,6.677,3.25,6.105,3.472C5.513,3.702,5.011,4.01,4.511,4.511 c-0.5,0.5-0.808,1.002-1.038,1.594C3.25,6.677,3.098,7.331,3.054,8.289C3.01,9.249,3,9.556,3,12c0,2.444,0.01,2.751,0.054,3.711 c0.044,0.958,0.196,1.612,0.418,2.185c0.23,0.592,0.538,1.094,1.038,1.594c0.5,0.5,1.002,0.808,1.594,1.038 c0.572,0.222,1.227,0.375,2.185,0.418C9.249,20.99,9.556,21,12,21s2.751-0.01,3.711-0.054c0.958-0.044,1.612-0.196,2.185-0.418 c0.592-0.23,1.094-0.538,1.594-1.038c0.5-0.5,0.808-1.002,1.038-1.594c0.222-0.572,0.375-1.227,0.418-2.185 C20.99,14.751,21,14.444,21,12s-0.01-2.751-0.054-3.711c-0.044-0.958-0.196-1.612-0.418-2.185c-0.23-0.592-0.538-1.094-1.038-1.594 c-0.5-0.5-1.002-0.808-1.594-1.038c-0.572-0.222-1.227-0.375-2.185-0.418C14.751,3.01,14.444,3,12,3L12,3z M12,7.378 c-2.552,0-4.622,2.069-4.622,4.622S9.448,16.622,12,16.622s4.622-2.069,4.622-4.622S14.552,7.378,12,7.378z M12,15 c-1.657,0-3-1.343-3-3s1.343-3,3-3s3,1.343,3,3S13.657,15,12,15z M16.804,6.116c-0.596,0-1.08,0.484-1.08,1.08 s0.484,1.08,1.08,1.08c0.596,0,1.08-0.484,1.08-1.08S17.401,6.116,16.804,6.116z\"><\/path><\/svg><\/a><\/li><\/ul>\n","protected":false},"excerpt":{"rendered":"<p>LUNED\u00cc 23 NOVEMBRE ore 10, Liceo Classico e Linguistico Statale Carlo Alberto, NovaraIncontro in streaming di Levi Henriksen dalla Norvegia con i giovani a partire da Norwegian Blues e Il lungo inverno di Dan Kaspersen (Iperborea) Levi Henriksen, nato nella cittadina norvegese di Kongsvinger, \u00e8 scrittore, giornalista, paroliere e musicista rock molto popolare in Norvegia. [&hellip;]<\/p>\n","protected":false},"author":1,"featured_media":0,"parent":0,"menu_order":0,"comment_status":"closed","ping_status":"closed","template":"","meta":{"spay_email":""},"yoast_head":"<!-- This site is optimized with the Yoast SEO plugin v15.1.1 - https:\/\/yoast.com\/wordpress\/plugins\/seo\/ -->\r\n<meta name=\"robots\" content=\"index, follow, max-snippet:-1, max-image-preview:large, max-video-preview:-1\" \/>\r\n<link rel=\"canonical\" href=\"https:\/\/www.scrittoriegiovani.it\/public\/levi-henriksen-vita-contaminata-con-la-musica\/\" \/>\r\n<meta property=\"og:locale\" content=\"it_IT\" \/>\r\n<meta property=\"og:type\" content=\"article\" \/>\r\n<meta property=\"og:title\" content=\"LEVI HENRIKSEN. Vita contaminata con la musica - Scrittori&amp;giovani\" \/>\r\n<meta property=\"og:description\" content=\"LUNED\u00cc 23 NOVEMBRE ore 10, Liceo Classico e Linguistico Statale Carlo Alberto, NovaraIncontro in streaming di Levi Henriksen dalla Norvegia con i giovani a partire da Norwegian Blues e Il lungo inverno di Dan Kaspersen (Iperborea) Levi Henriksen, nato nella cittadina norvegese di Kongsvinger, \u00e8 scrittore, giornalista, paroliere e musicista rock molto popolare in Norvegia. [&hellip;]\" \/>\r\n<meta property=\"og:url\" content=\"https:\/\/www.scrittoriegiovani.it\/public\/levi-henriksen-vita-contaminata-con-la-musica\/\" \/>\r\n<meta property=\"og:site_name\" content=\"Scrittori&amp;giovani\" \/>\r\n<meta property=\"article:modified_time\" content=\"2020-11-18T16:08:10+00:00\" \/>\r\n<meta property=\"og:image\" content=\"http:\/\/www.scrittoriegiovani.it\/public\/wp-content\/uploads\/2020\/11\/Grazie-2-1080x608.png\" \/>\r\n<meta name=\"twitter:card\" content=\"summary_large_image\" \/>\r\n<script type=\"application\/ld+json\" class=\"yoast-schema-graph\">{\"@context\":\"https:\/\/schema.org\",\"@graph\":[{\"@type\":\"WebSite\",\"@id\":\"https:\/\/www.scrittoriegiovani.it\/public\/#website\",\"url\":\"https:\/\/www.scrittoriegiovani.it\/public\/\",\"name\":\"Scrittori&amp;giovani\",\"description\":\"Festival internazionale Novara e laghi\",\"potentialAction\":[{\"@type\":\"SearchAction\",\"target\":\"https:\/\/www.scrittoriegiovani.it\/public\/?s={search_term_string}\",\"query-input\":\"required name=search_term_string\"}],\"inLanguage\":\"it-IT\"},{\"@type\":\"ImageObject\",\"@id\":\"https:\/\/www.scrittoriegiovani.it\/public\/levi-henriksen-vita-contaminata-con-la-musica\/#primaryimage\",\"inLanguage\":\"it-IT\",\"url\":\"http:\/\/www.scrittoriegiovani.it\/public\/wp-content\/uploads\/2020\/11\/Grazie-2-1080x608.png\"},{\"@type\":\"WebPage\",\"@id\":\"https:\/\/www.scrittoriegiovani.it\/public\/levi-henriksen-vita-contaminata-con-la-musica\/#webpage\",\"url\":\"https:\/\/www.scrittoriegiovani.it\/public\/levi-henriksen-vita-contaminata-con-la-musica\/\",\"name\":\"LEVI HENRIKSEN. Vita contaminata con la musica - Scrittori&amp;giovani\",\"isPartOf\":{\"@id\":\"https:\/\/www.scrittoriegiovani.it\/public\/#website\"},\"primaryImageOfPage\":{\"@id\":\"https:\/\/www.scrittoriegiovani.it\/public\/levi-henriksen-vita-contaminata-con-la-musica\/#primaryimage\"},\"datePublished\":\"2020-11-18T15:46:35+00:00\",\"dateModified\":\"2020-11-18T16:08:10+00:00\",\"inLanguage\":\"it-IT\",\"potentialAction\":[{\"@type\":\"ReadAction\",\"target\":[\"https:\/\/www.scrittoriegiovani.it\/public\/levi-henriksen-vita-contaminata-con-la-musica\/\"]}]}]}<\/script>\r\n<!-- \/ Yoast SEO plugin. -->","jetpack_sharing_enabled":true,"jetpack_shortlink":"https:\/\/wp.me\/P99Ih0-wn","jetpack-related-posts":[],"_links":{"self":[{"href":"https:\/\/www.scrittoriegiovani.it\/public\/wp-json\/wp\/v2\/pages\/2007"}],"collection":[{"href":"https:\/\/www.scrittoriegiovani.it\/public\/wp-json\/wp\/v2\/pages"}],"about":[{"href":"https:\/\/www.scrittoriegiovani.it\/public\/wp-json\/wp\/v2\/types\/page"}],"author":[{"embeddable":true,"href":"https:\/\/www.scrittoriegiovani.it\/public\/wp-json\/wp\/v2\/users\/1"}],"replies":[{"embeddable":true,"href":"https:\/\/www.scrittoriegiovani.it\/public\/wp-json\/wp\/v2\/comments?post=2007"}],"version-history":[{"count":2,"href":"https:\/\/www.scrittoriegiovani.it\/public\/wp-json\/wp\/v2\/pages\/2007\/revisions"}],"predecessor-version":[{"id":2018,"href":"https:\/\/www.scrittoriegiovani.it\/public\/wp-json\/wp\/v2\/pages\/2007\/revisions\/2018"}],"wp:attachment":[{"href":"https:\/\/www.scrittoriegiovani.it\/public\/wp-json\/wp\/v2\/media?parent=2007"}],"curies":[{"name":"wp","href":"https:\/\/api.w.org\/{rel}","templated":true}]}}