{"id":738,"date":"2017-11-27T10:42:56","date_gmt":"2017-11-27T09:42:56","guid":{"rendered":"http:\/\/www.scrittoriegiovani.it\/public\/?page_id=738"},"modified":"2023-11-14T17:24:22","modified_gmt":"2023-11-14T16:24:22","slug":"concorso-booktrailer-scrittoriegiovani-2022","status":"publish","type":"page","link":"https:\/\/www.scrittoriegiovani.it\/public\/concorso-booktrailer-scrittoriegiovani-2022\/","title":{"rendered":"Concorso Booktrailer Scrittori&#038;giovani 2023"},"content":{"rendered":"<p><a href=\"https:\/\/i1.wp.com\/www.scrittoriegiovani.it\/public\/wp-content\/uploads\/2018\/11\/Foto-a-pagina-intera.jpg\"><img data-attachment-id=\"1191\" data-permalink=\"https:\/\/www.scrittoriegiovani.it\/public\/concorso-booktrailer-scrittoriegiovani-2022\/foto-a-pagina-intera\/\" data-orig-file=\"https:\/\/i1.wp.com\/www.scrittoriegiovani.it\/public\/wp-content\/uploads\/2018\/11\/Foto-a-pagina-intera.jpg?fit=4958%2C7017&amp;ssl=1\" data-orig-size=\"4958,7017\" data-comments-opened=\"1\" data-image-meta=\"{&quot;aperture&quot;:&quot;0&quot;,&quot;credit&quot;:&quot;&quot;,&quot;camera&quot;:&quot;&quot;,&quot;caption&quot;:&quot;&quot;,&quot;created_timestamp&quot;:&quot;0&quot;,&quot;copyright&quot;:&quot;&quot;,&quot;focal_length&quot;:&quot;0&quot;,&quot;iso&quot;:&quot;0&quot;,&quot;shutter_speed&quot;:&quot;0&quot;,&quot;title&quot;:&quot;&quot;,&quot;orientation&quot;:&quot;0&quot;}\" data-image-title=\"Foto a pagina intera\" data-image-description=\"\" data-medium-file=\"https:\/\/i1.wp.com\/www.scrittoriegiovani.it\/public\/wp-content\/uploads\/2018\/11\/Foto-a-pagina-intera.jpg?fit=720%2C1019&amp;ssl=1\" data-large-file=\"https:\/\/i1.wp.com\/www.scrittoriegiovani.it\/public\/wp-content\/uploads\/2018\/11\/Foto-a-pagina-intera.jpg?fit=705%2C998&amp;ssl=1\" loading=\"lazy\" class=\"alignleft wp-image-1191\" src=\"https:\/\/i0.wp.com\/www.scrittoriegiovani.it\/public\/wp-content\/uploads\/2018\/11\/Foto-a-pagina-intera-150x150.jpg?resize=239%2C239\" alt=\"\" width=\"239\" height=\"239\" srcset=\"https:\/\/i1.wp.com\/www.scrittoriegiovani.it\/public\/wp-content\/uploads\/2018\/11\/Foto-a-pagina-intera.jpg?resize=150%2C150&amp;ssl=1 150w, https:\/\/i1.wp.com\/www.scrittoriegiovani.it\/public\/wp-content\/uploads\/2018\/11\/Foto-a-pagina-intera.jpg?zoom=2&amp;resize=239%2C239&amp;ssl=1 478w, https:\/\/i1.wp.com\/www.scrittoriegiovani.it\/public\/wp-content\/uploads\/2018\/11\/Foto-a-pagina-intera.jpg?zoom=3&amp;resize=239%2C239&amp;ssl=1 717w\" sizes=\"(max-width: 239px) 100vw, 239px\" data-recalc-dims=\"1\" \/><\/a>Il <strong>contest \u201cBooktrailer Scrittori&amp;giovani\u201d<\/strong> \u00e8 promosso dal festival internazionale Scrittori&amp;giovani.<br \/>\nI canali di comunicazione ufficiali sono www.scrittoriegiovani.it e la pagina Facebook del festival. Attraverso l\u2019utilizzo di immagini in movimento, musiche e parole, anche con interviste, un booktrailer sintetizza in non pi\u00f9 di due minuti un romanzo cercando di far comprendere al lettore l\u2019atmosfera che trover\u00e0 all\u2019interno delle pagine scritte.<\/p>\n<p>Possono partecipare al concorso <strong>tutti gli studenti al di sotto dei 21 anni<\/strong>. La partecipazione pu\u00f2 avvenire per singoli, gruppi di studenti o intere classi di scuole secondarie di secondo grado e universit\u00e0, previa <strong>compilazione on line della scheda di partecipazione<\/strong> reperibile sul sito del festival Scrittori&amp;giovani (www.scrittoriegiovani.it, a questo link: <a href=\"http:\/\/www.scrittoriegiovani.it\/public\/wp-content\/uploads\/2017\/11\/form-booktrailer_2017.pdf\" target=\"_blank\" rel=\"noopener noreferrer\">Form Booktrailer<\/a>) <strong>dal 20 novembre 2023 al 28 febbraio 2024.<\/strong><\/p>\n<p>La scelta del libro oggetto del booktrailer pu\u00f2 avvenire in due modi: un libro tra quelli presentati durante la rassegna di Scrittori&amp;giovani o un romanzo a piacere ma che abbia attinenza al tema del festival 2022 \u201cil cambiamento\u201d.<\/p>\n<p>La scelta dei migliori booktrailer avverr\u00e0 in due momenti e con due modalit\u00e0 differenti.<br \/>\nInnanzitutto con una <strong>votazione social sul canale Facebook<\/strong>: il video con il maggior numero di \u201clike\u201d verr\u00e0 premiato con un buono libri.<br \/>\nTutti i booktrailer verranno comunque visionati dalla <strong>giuria di esperti che sceglier\u00e0 i migliori tre<\/strong>.<br \/>\nIl primo classificato verr\u00e0 premiato con un buono per materiale multimediale ed editoriale del valore di 250 euro;<br \/>\nil secondo classificato con un buono del valore di 150 euro;<br \/>\nil terzo classificato con un buono del valore di 100 euro.<br \/>\nSono possibili pari merito.<br \/>\nI criteri con cui verranno scelti i migliori elaborati sono creativit\u00e0 e originalit\u00e0 nella presentazione, modalit\u00e0 di trasposizione del contenuto, attinenza con il tema e il libro scelto, personalizzazione del tema, qualit\u00e0 artistiche e qualit\u00e0 tecniche complessive.<\/p>\n<p>Tutti i diritti relativi alle varie opere restano di propriet\u00e0 degli autori che liberano l\u2019organizzazione del festival da eventuali omissioni di copyright. Per info: festival@letteratura.it. Ciak, si legge!<\/p>\n<p>Per iscriversi basta compilare il form che trovate a questo link: <a href=\"http:\/\/www.scrittoriegiovani.it\/public\/wp-content\/uploads\/2017\/11\/form-booktrailer_2017.pdf\" target=\"_blank\" rel=\"noopener noreferrer\" data-wplink-edit=\"true\">Form Booktrailer<\/a><\/p>\n<p>Per la guida alla compilazione del form e all\u2019invio del materiale consultate questo link: <a href=\"http:\/\/www.scrittoriegiovani.it\/public\/wp-content\/uploads\/2017\/11\/iscrizione_2017.pdf\" target=\"_blank\" rel=\"noopener noreferrer\">Guida Booktrailer<\/a><\/p>\n","protected":false},"excerpt":{"rendered":"<p>Il contest \u201cBooktrailer Scrittori&amp;giovani\u201d \u00e8 promosso dal festival internazionale Scrittori&amp;giovani. I canali di comunicazione ufficiali sono www.scrittoriegiovani.it e la pagina Facebook del festival. Attraverso l\u2019utilizzo di immagini in movimento, musiche e parole, anche con interviste, un booktrailer sintetizza in non pi\u00f9 di due minuti un romanzo cercando di far comprendere al lettore l\u2019atmosfera che trover\u00e0 [&hellip;]<\/p>\n","protected":false},"author":1,"featured_media":0,"parent":0,"menu_order":0,"comment_status":"open","ping_status":"closed","template":"","meta":{"spay_email":""},"yoast_head":"<!-- This site is optimized with the Yoast SEO plugin v15.1.1 - https:\/\/yoast.com\/wordpress\/plugins\/seo\/ -->\r\n<meta name=\"robots\" content=\"index, follow, max-snippet:-1, max-image-preview:large, max-video-preview:-1\" \/>\r\n<link rel=\"canonical\" href=\"https:\/\/www.scrittoriegiovani.it\/public\/concorso-booktrailer-scrittoriegiovani-2022\/\" \/>\r\n<meta property=\"og:locale\" content=\"it_IT\" \/>\r\n<meta property=\"og:type\" content=\"article\" \/>\r\n<meta property=\"og:title\" content=\"Concorso Booktrailer Scrittori&amp;giovani 2023 - Scrittori&amp;giovani\" \/>\r\n<meta property=\"og:description\" content=\"Il contest \u201cBooktrailer Scrittori&amp;giovani\u201d \u00e8 promosso dal festival internazionale Scrittori&amp;giovani. I canali di comunicazione ufficiali sono www.scrittoriegiovani.it e la pagina Facebook del festival. Attraverso l\u2019utilizzo di immagini in movimento, musiche e parole, anche con interviste, un booktrailer sintetizza in non pi\u00f9 di due minuti un romanzo cercando di far comprendere al lettore l\u2019atmosfera che trover\u00e0 [&hellip;]\" \/>\r\n<meta property=\"og:url\" content=\"https:\/\/www.scrittoriegiovani.it\/public\/concorso-booktrailer-scrittoriegiovani-2022\/\" \/>\r\n<meta property=\"og:site_name\" content=\"Scrittori&amp;giovani\" \/>\r\n<meta property=\"article:modified_time\" content=\"2023-11-14T16:24:22+00:00\" \/>\r\n<meta property=\"og:image\" content=\"http:\/\/www.scrittoriegiovani.it\/public\/wp-content\/uploads\/2018\/11\/Foto-a-pagina-intera-150x150.jpg\" \/>\r\n<meta name=\"twitter:card\" content=\"summary_large_image\" \/>\r\n<script type=\"application\/ld+json\" class=\"yoast-schema-graph\">{\"@context\":\"https:\/\/schema.org\",\"@graph\":[{\"@type\":\"WebSite\",\"@id\":\"https:\/\/www.scrittoriegiovani.it\/public\/#website\",\"url\":\"https:\/\/www.scrittoriegiovani.it\/public\/\",\"name\":\"Scrittori&amp;giovani\",\"description\":\"Festival internazionale Novara e laghi\",\"potentialAction\":[{\"@type\":\"SearchAction\",\"target\":\"https:\/\/www.scrittoriegiovani.it\/public\/?s={search_term_string}\",\"query-input\":\"required name=search_term_string\"}],\"inLanguage\":\"it-IT\"},{\"@type\":\"ImageObject\",\"@id\":\"https:\/\/www.scrittoriegiovani.it\/public\/concorso-booktrailer-scrittoriegiovani-2022\/#primaryimage\",\"inLanguage\":\"it-IT\",\"url\":\"http:\/\/www.scrittoriegiovani.it\/public\/wp-content\/uploads\/2018\/11\/Foto-a-pagina-intera-150x150.jpg\"},{\"@type\":\"WebPage\",\"@id\":\"https:\/\/www.scrittoriegiovani.it\/public\/concorso-booktrailer-scrittoriegiovani-2022\/#webpage\",\"url\":\"https:\/\/www.scrittoriegiovani.it\/public\/concorso-booktrailer-scrittoriegiovani-2022\/\",\"name\":\"Concorso Booktrailer Scrittori&giovani 2023 - Scrittori&amp;giovani\",\"isPartOf\":{\"@id\":\"https:\/\/www.scrittoriegiovani.it\/public\/#website\"},\"primaryImageOfPage\":{\"@id\":\"https:\/\/www.scrittoriegiovani.it\/public\/concorso-booktrailer-scrittoriegiovani-2022\/#primaryimage\"},\"datePublished\":\"2017-11-27T09:42:56+00:00\",\"dateModified\":\"2023-11-14T16:24:22+00:00\",\"inLanguage\":\"it-IT\",\"potentialAction\":[{\"@type\":\"ReadAction\",\"target\":[\"https:\/\/www.scrittoriegiovani.it\/public\/concorso-booktrailer-scrittoriegiovani-2022\/\"]}]}]}<\/script>\r\n<!-- \/ Yoast SEO plugin. -->","jetpack_sharing_enabled":true,"jetpack_shortlink":"https:\/\/wp.me\/P99Ih0-bU","jetpack-related-posts":[],"_links":{"self":[{"href":"https:\/\/www.scrittoriegiovani.it\/public\/wp-json\/wp\/v2\/pages\/738"}],"collection":[{"href":"https:\/\/www.scrittoriegiovani.it\/public\/wp-json\/wp\/v2\/pages"}],"about":[{"href":"https:\/\/www.scrittoriegiovani.it\/public\/wp-json\/wp\/v2\/types\/page"}],"author":[{"embeddable":true,"href":"https:\/\/www.scrittoriegiovani.it\/public\/wp-json\/wp\/v2\/users\/1"}],"replies":[{"embeddable":true,"href":"https:\/\/www.scrittoriegiovani.it\/public\/wp-json\/wp\/v2\/comments?post=738"}],"version-history":[{"count":14,"href":"https:\/\/www.scrittoriegiovani.it\/public\/wp-json\/wp\/v2\/pages\/738\/revisions"}],"predecessor-version":[{"id":2383,"href":"https:\/\/www.scrittoriegiovani.it\/public\/wp-json\/wp\/v2\/pages\/738\/revisions\/2383"}],"wp:attachment":[{"href":"https:\/\/www.scrittoriegiovani.it\/public\/wp-json\/wp\/v2\/media?parent=738"}],"curies":[{"name":"wp","href":"https:\/\/api.w.org\/{rel}","templated":true}]}}